{"id":6486,"date":"2025-11-13T16:24:26","date_gmt":"2025-11-13T19:24:26","guid":{"rendered":"https:\/\/doimobrasil.com.br\/?post_type=product&#038;p=6486"},"modified":"2026-01-14T11:18:24","modified_gmt":"2026-01-14T14:18:24","slug":"slyp","status":"publish","type":"product","link":"https:\/\/doimobrasil.com.br\/en\/product\/slyp\/","title":{"rendered":"slyp"},"content":{"rendered":"<p>Upholstered metal bed<\/p>\n<p>(W)x(D)x(H)cm<br \/>\nmattress size 88\u00d7188<br \/>\nexternal measurement 121 x235 x110H<\/p>\n<p>mattress size 138\u00d7188<br \/>\nexternal measurement 171 x235 x110H<\/p>\n<p>mattress size 158\u00d7198<br \/>\nexternal measurement 191 x245 x110H<\/p>\n<p>mattress size 193\u00d7203<br \/>\nexternal dimensions 226 x250 x110H<\/p>\n<p>Design Rhenner Christoff<\/p>\n<p><strong>Design by Est\u00fadio Doimo<\/strong><\/p>\n<p><a href=\"https:\/\/drive.google.com\/drive\/folders\/1CtZDKG7C0wSjmAR5ooFy6qDJht1gwSWP?usp=drive_link\" target=\"_blank\" rel=\"noopener\"><button id=\"downloadarquivos\" type=\"button\" data-wp-editing=\"1\"><img decoding=\"async\" id=\"icondownloadarquivos\" src=\"http:\/\/doimobrasil.com.br\/wp-content\/uploads\/2021\/07\/download-arrow.png\" alt=\"Download the 3D files now\" \/> 3D files<\/button><\/a><\/p>","protected":false},"excerpt":{"rendered":"<p>Upholstered metal bed (W)x(D)x(H)cm mattress size 88\u00d7188 external size 121 x235 x110H mattress size 138\u00d7188 external size 171 x235 x110H mattress size 158\u00d7198 external size 191 x245 x110H mattress size 193\u00d7203 external size 226 x250 x110H Design Rhenner Christoff Design by Est\u00fadio Doimo 3D files<\/p>","protected":false},"featured_media":6487,"comment_status":"open","ping_status":"closed","template":"","meta":[],"product_cat":[38],"product_tag":[],"class_list":{"0":"post-6486","1":"product","2":"type-product","3":"status-publish","4":"has-post-thumbnail","6":"product_cat-camas","8":"first","9":"instock","10":"shipping-taxable","11":"product-type-simple"},"_links":{"self":[{"href":"https:\/\/doimobrasil.com.br\/en\/wp-json\/wp\/v2\/product\/6486","targetHints":{"allow":["GET"]}}],"collection":[{"href":"https:\/\/doimobrasil.com.br\/en\/wp-json\/wp\/v2\/product"}],"about":[{"href":"https:\/\/doimobrasil.com.br\/en\/wp-json\/wp\/v2\/types\/product"}],"replies":[{"embeddable":true,"href":"https:\/\/doimobrasil.com.br\/en\/wp-json\/wp\/v2\/comments?post=6486"}],"wp:featuredmedia":[{"embeddable":true,"href":"https:\/\/doimobrasil.com.br\/en\/wp-json\/wp\/v2\/media\/6487"}],"wp:attachment":[{"href":"https:\/\/doimobrasil.com.br\/en\/wp-json\/wp\/v2\/media?parent=6486"}],"wp:term":[{"taxonomy":"product_cat","embeddable":true,"href":"https:\/\/doimobrasil.com.br\/en\/wp-json\/wp\/v2\/product_cat?post=6486"},{"taxonomy":"product_tag","embeddable":true,"href":"https:\/\/doimobrasil.com.br\/en\/wp-json\/wp\/v2\/product_tag?post=6486"}],"curies":[{"name":"wp","href":"https:\/\/api.w.org\/{rel}","templated":true}]}}